{"id":54348,"date":"2021-02-06T06:04:31","date_gmt":"2021-02-06T13:04:31","guid":{"rendered":"https:\/\/www.vendavo.com\/ueber-uns\/"},"modified":"2022-09-02T10:15:53","modified_gmt":"2022-09-02T16:15:53","slug":"ueber-uns","status":"publish","type":"page","link":"https:\/\/www.vendavo.com\/de\/ueber-uns\/","title":{"rendered":"\u00dcber uns"},"content":{"rendered":"<section id=\"block_9e6ff\" class=\"block block--subpage-header is-bg--blue-30 is-text--white is-top--xxl is-bottom--xxl rel\"><div class=\"cont is-lg text-center\">    <h1 class=\"subpage-header__headline front\"><span class=\"ez-toc-section\" id=\"Ueber_uns_Es_geht_wirklich_um_Sie\"><\/span>\u00dcber uns: Es geht wirklich um <em>Sie<\/em><span class=\"ez-toc-section-end\"><\/span><\/h1>        <\/div><\/section>\r\n<section id=\"block_40965\" class=\"block block--half-text is-bg--white is-text--blue-30 is-top--md is-bottom--md\"><div class=\"cont is-flex--tablet is-sm is-row\"><div class=\"half half--text rte\">\n    <h2 class=\"half-text__headline\"><span class=\"ez-toc-section\" id=\"Unser_Fokus_Ihr_Erfolg\"><\/span>Unser Fokus? Ihr Erfolg<span class=\"ez-toc-section-end\"><\/span><\/h2><h4 class=\"half-text__subheadline\"><span class=\"ez-toc-section\" id=\"Indem_wir_unermuedlich_auf_die_Beduerfnisse_von_Unternehmen_wie_dem_Ihren_eingehen_haben_wir_uns_einen_guten_Ruf_erarbeitet\"><\/span>Indem wir unerm\u00fcdlich auf die Bed\u00fcrfnisse von Unternehmen wie dem Ihren eingehen, haben wir uns einen guten Ruf erarbeitet.<span class=\"ez-toc-section-end\"><\/span><\/h4><div class=\"half-text__body\"><p>Wir von Vendavo versetzen globale B2B-Unternehmen in die Lage, unbegrenztes kommerzielles Wachstum und Rentabilit\u00e4t mit branchenf\u00fchrenden Preisgestaltungs- und Vertriebsl\u00f6sungen zu erschlie\u00dfen. Und das schon seit \u00fcber zwanzig Jahren.<\/p>\n<p>Ganz gleich, ob Sie nach einer CPQ-L\u00f6sung oder nach einer tiefgreifenden Optimierung der Preisgestaltung suchen, Vendavo verf\u00fcgt \u00fcber die bew\u00e4hrten L\u00f6sungen und das Know-how, um Ihnen zu helfen, Ihre Ziele zu erreichen.<\/p>\n<\/div>   \n<\/div>\n<div class=\"half is-stat is-teal\"><div class=\"stat-bubble-container rel  stat--lg\">\r\n    <div class=\"stat-bubble text-center \">\r\n        <div class=\"stat-bubble__inner\">\r\n            <p class=\"stat-num is-lg\" data-append=\"%\">&#8222;90<\/p><p class=\"stat-label\">unserer Angebote gehen nun in weniger als vier Stunden raus. Vielen Dank, Vendavo!\u201d<\/p><img data-src=\"https:\/\/www.vendavo.com\/wp-content\/uploads\/2021\/02\/dell-logo-color.png\" alt=\"Dell company logo\" title=\"Dell company logo\" class=\"lazyload stat-logo\" \/>       \r\n        <\/div>\r\n    <\/div>\r\n    <svg class=\"stat-blob\" x=\"0px\" y=\"0px\" viewBox=\"0 0 427 345\" xml:space=\"preserve\">\r\n        <path vector-effect=\"non-scaling-stroke\" class=\"stat-blob__line\" d=\"M206.8,335.7L22,193c-32.7-25.2-23.8-76.6,15.4-88.9L353.1,4.7c49.4-15.6,91.4,39.8,62.8,83L257.3,327.4\r\n            C246.1,344.3,222.9,348.1,206.8,335.7z\"\/>\r\n    <\/svg>\r\n<\/div><\/div><\/div><\/section>\n<section id=\"block_1e596\" class=\"block block--multicolumn-text is-bg--white is-text--blue-30 is-top--xs is-bottom--md is-contained\"><div class=\"cont is-default\"><div class=\"multicolumn-grid__inner\">\r\n\t    <div class=\"multicolumn-grid\" data-count=\"3\">\r\n                    <div class=\"single-column\">\r\n                <div class=\"single-column__inner rte\">\r\n                                        <h4 class=\"single-column__headline\"><span class=\"ez-toc-section\" id=\"Wo_wir_herkommen\"><\/span>Wo wir herkommen:<span class=\"ez-toc-section-end\"><\/span><\/h4>                    <div class=\"single-column__content\"><ul type=\"disc\">\n<li>Gr\u00fcndung: 1998<\/li>\n<li>Unsere ersten Kunden waren Fortune 50-Unternehmen<\/li>\n<li>Ausweitung der Pr\u00e4senz innerhalb der EU im Jahr 2005<\/li>\n<li>ISO\/IEC 27001:2013 zertifiziert<\/li>\n<\/ul>\n<\/div>                                    <\/div>\r\n            <\/div>\r\n                    <div class=\"single-column\">\r\n                <div class=\"single-column__inner rte\">\r\n                                        <h4 class=\"single-column__headline\"><span class=\"ez-toc-section\" id=\"Darauf_sind_wir_stolz\"><\/span>Darauf sind wir stolz:<span class=\"ez-toc-section-end\"><\/span><\/h4>                    <div class=\"single-column__content\"><ul>\n<li>Eine historische Kundenbindungsrate von 98\u00a0%<\/li>\n<li>Langfristige Beziehungen zu f\u00fchrenden globalen Unternehmen<\/li>\n<li>Mehrfache Auszeichnungen und Anerkennungen f\u00fcr gesch\u00e4ftlichen Erfolg und Arbeitsplatzkultur<\/li>\n<\/ul>\n<\/div>                                    <\/div>\r\n            <\/div>\r\n                    <div class=\"single-column\">\r\n                <div class=\"single-column__inner rte\">\r\n                                        <h4 class=\"single-column__headline\"><span class=\"ez-toc-section\" id=\"Wo_wir_hinwollen\"><\/span>Wo wir hinwollen:<span class=\"ez-toc-section-end\"><\/span><\/h4>                    <div class=\"single-column__content\"><ul>\n<li>100\u00a0% zufriedene Kunden mit profitablem Wachstum<\/li>\n<li>Innovationen zur F\u00f6rderung eines v\u00f6llig neuen Verst\u00e4ndnisses von Preisgestaltung und wirtschaftlichem Erfolg<\/li>\n<li>Nachhaltige Expertise: Die niedrigste Fluktuationsrate in der Branche<\/li>\n<\/ul>\n<\/div>                                    <\/div>\r\n            <\/div>\r\n            <\/div>\r\n \r\n<\/div>\r\n\r\n<\/div><\/section>\r\n <section id=\"block_dbd9f\" class=\"block block--logo-gallery is-bg--blue-30 is-text--white is-top--sm is-bottom--md\"><div class=\"cont rte is-default\"><div class=\"logo-gallery__grid\" data-width=\"5\" ><div class=\"logo-gallery__single\"><img class=\"lazyload\" data-src=\"https:\/\/www.vendavo.com\/wp-content\/uploads\/2021\/02\/ford-logo_white-1.png\" alt=\"White ford Logo on Transparent Background\" \/><\/div><div class=\"logo-gallery__single\"><img class=\"lazyload\" data-src=\"https:\/\/www.vendavo.com\/wp-content\/uploads\/2021\/02\/emerson-logo_white-1-e1685558667670.png\" alt=\"\" \/><\/div><div class=\"logo-gallery__single\"><img class=\"lazyload\" data-src=\"https:\/\/www.vendavo.com\/wp-content\/uploads\/2021\/02\/dow-logo_white-1.png\" alt=\"\" \/><\/div><div class=\"logo-gallery__single\"><img class=\"lazyload\" data-src=\"https:\/\/www.vendavo.com\/wp-content\/uploads\/2021\/02\/avnet-logo_white-1.png\" alt=\"Avnet Logo In White Color\" \/><\/div><div class=\"logo-gallery__single\"><img class=\"lazyload\" data-src=\"https:\/\/www.vendavo.com\/wp-content\/uploads\/2021\/02\/hartwig-logo_white-1.png\" alt=\"Hartwig company logo\" \/><\/div><div class=\"logo-gallery__single\"><img class=\"lazyload\" data-src=\"https:\/\/www.vendavo.com\/wp-content\/uploads\/2021\/02\/paypal-logo_white-1.png\" alt=\"\" \/><\/div><div class=\"logo-gallery__single\"><img class=\"lazyload\" data-src=\"https:\/\/www.vendavo.com\/wp-content\/uploads\/2021\/02\/bnsf-logo_white-1.png\" alt=\"Bnsf Logo In White Color\" \/><\/div><div class=\"logo-gallery__single\"><img class=\"lazyload\" data-src=\"https:\/\/www.vendavo.com\/wp-content\/uploads\/2021\/02\/gaf-logo_white-1.png\" alt=\"Gaf Company Logo In White\" \/><\/div><div class=\"logo-gallery__single\"><img class=\"lazyload\" data-src=\"https:\/\/www.vendavo.com\/wp-content\/uploads\/2021\/02\/3m-logo_white-1.png\" alt=\"3M company logo\" \/><\/div><div class=\"logo-gallery__single\"><img class=\"lazyload\" data-src=\"https:\/\/www.vendavo.com\/wp-content\/uploads\/2021\/02\/corning-logo_white-1.png\" alt=\"Corning company logo\" \/><\/div><\/div><\/div><\/section>\r\n<section id=\"block_9c767\" class=\"block block--centered-text is-bg--white is-text--blue-30 is-top--lg is-bottom--sm\"><div class=\"cont pos-rel z-5 is-xs text-center\"><div class=\"centered-text__inner rte\"><h2 class=\"half-text__headline\"><span class=\"ez-toc-section\" id=\"Ein_erstklassiges_Partnernetzwerk\"><\/span>Ein erstklassiges Partnernetzwerk<span class=\"ez-toc-section-end\"><\/span><\/h2><div class=\"half-text__body\"><p>Vendavo ist mit den weltweit f\u00fchrenden Experten verbunden.  So stellen wir sicher, dass unsere Kunden nahtlos Unterst\u00fctzung f\u00fcr nachhaltigen Erfolg erhalten.<\/p>\n<\/div><\/div><div class=\"cta-container\">\r\n        <a class=\"btn btn--primary is-green\" href=\"\">Learn About Our Partner Network<\/a>\r\n<\/div><\/div><\/section>\r\n<section id=\"block_2ca7e\" class=\"block block--logo-gallery is-bg--white is-text--blue-30 is-top--xs is-bottom--lg\"><div class=\"cont rte is-default\"><div class=\"logo-gallery__grid\" data-width=\"6\" ><div class=\"logo-gallery__single\"><img class=\"lazyload\" data-src=\"https:\/\/www.vendavo.com\/wp-content\/uploads\/2021\/02\/accenture-logo_shift.png\" alt=\"\" \/><\/div><div class=\"logo-gallery__single\"><img class=\"lazyload\" data-src=\"https:\/\/www.vendavo.com\/wp-content\/uploads\/2021\/02\/partner-list-logo_0009_Deloitte-e1609562764129-1.png\" alt=\"\" \/><\/div><div class=\"logo-gallery__single\"><img class=\"lazyload\" data-src=\"https:\/\/www.vendavo.com\/wp-content\/uploads\/2021\/02\/partner-list-logo_0012_Microsoft-e1609562738643-1.png\" alt=\"\" \/><\/div><div class=\"logo-gallery__single\"><img class=\"lazyload\" data-src=\"https:\/\/www.vendavo.com\/wp-content\/uploads\/2021\/02\/partner-list-logo_0011_salesforce-1.png\" alt=\"Vendavo Partners Salesforce Logo\" \/><\/div><div class=\"logo-gallery__single\"><img class=\"lazyload\" data-src=\"https:\/\/www.vendavo.com\/wp-content\/uploads\/2021\/02\/partner-list-logo_0014_SAP-e1609562725722-1.png\" alt=\"\" \/><\/div><div class=\"logo-gallery__single\"><img class=\"lazyload\" data-src=\"https:\/\/www.vendavo.com\/wp-content\/uploads\/2021\/02\/docusign-logo.png\" alt=\"\" \/><\/div><\/div><\/div><\/section>\r\n<section id=\"block_a9670\" class=\"block block--centered-text is-bg--white is-text--blue-30 is-top--na is-bottom--xs\"><div class=\"cont pos-rel z-5 is-default text-center\"><div class=\"centered-text__inner rte\"><\/div><\/div><\/section>\r\n","protected":false},"excerpt":{"rendered":"","protected":false},"author":24,"featured_media":0,"parent":0,"menu_order":37,"comment_status":"closed","ping_status":"closed","template":"","meta":{"_acf_changed":false,"_kad_blocks_custom_css":"","_kad_blocks_head_custom_js":"","_kad_blocks_body_custom_js":"","_kad_blocks_footer_custom_js":"","_kadence_starter_templates_imported_post":false,"_kad_post_transparent":"","_kad_post_title":"","_kad_post_layout":"","_kad_post_sidebar_id":"","_kad_post_content_style":"","_kad_post_vertical_padding":"","_kad_post_feature":"","_kad_post_feature_position":"","_kad_post_header":false,"_kad_post_footer":false,"footnotes":""},"class_list":["post-54348","page","type-page","status-publish","hentry"],"acf":[],"yoast_head":"<!-- This site is optimized with the Yoast SEO plugin v27.4 - https:\/\/yoast.com\/product\/yoast-seo-wordpress\/ -->\n<title>Info | Vendavo<\/title>\n<meta name=\"description\" content=\"Vendavo unterst\u00fctzt Unternehmen wie das Ihre seit \u00fcber 20 Jahren dabei, Ergebnisse zu optimieren und Margen zu maximieren. Wir sind daf\u00fcr da, wirtschaftliche Transformation zu verwirklichen.\" \/>\n<meta name=\"robots\" content=\"index, follow, max-snippet:-1, max-image-preview:large, max-video-preview:-1\" \/>\n<link rel=\"canonical\" href=\"https:\/\/www.vendavo.com\/de\/ueber-uns\/\" \/>\n<meta property=\"og:locale\" content=\"de_DE\" \/>\n<meta property=\"og:type\" content=\"article\" \/>\n<meta property=\"og:title\" content=\"Info | Vendavo\" \/>\n<meta property=\"og:description\" content=\"Vendavo unterst\u00fctzt Unternehmen wie das Ihre seit \u00fcber 20 Jahren dabei, Ergebnisse zu optimieren und Margen zu maximieren. Wir sind daf\u00fcr da, wirtschaftliche Transformation zu verwirklichen.\" \/>\n<meta property=\"og:url\" content=\"https:\/\/www.vendavo.com\/de\/ueber-uns\/\" \/>\n<meta property=\"og:site_name\" content=\"Vendavo\" \/>\n<meta property=\"article:publisher\" content=\"https:\/\/www.facebook.com\/Vendavo\" \/>\n<meta property=\"article:modified_time\" content=\"2022-09-02T16:15:53+00:00\" \/>\n<meta property=\"og:image\" content=\"https:\/\/www.vendavo.com\/wp-content\/uploads\/2021\/04\/vendavo-favicon_200x200.png\" \/>\n\t<meta property=\"og:image:width\" content=\"200\" \/>\n\t<meta property=\"og:image:height\" content=\"200\" \/>\n\t<meta property=\"og:image:type\" content=\"image\/png\" \/>\n<meta name=\"twitter:card\" content=\"summary_large_image\" \/>\n<meta name=\"twitter:site\" content=\"@vendavo\" \/>\n<script type=\"application\/ld+json\" class=\"yoast-schema-graph\">{\"@context\":\"https:\\\/\\\/schema.org\",\"@graph\":[{\"@type\":\"WebPage\",\"@id\":\"https:\\\/\\\/www.vendavo.com\\\/de\\\/ueber-uns\\\/\",\"url\":\"https:\\\/\\\/www.vendavo.com\\\/de\\\/ueber-uns\\\/\",\"name\":\"Info | Vendavo\",\"isPartOf\":{\"@id\":\"https:\\\/\\\/www.vendavo.com\\\/de\\\/#website\"},\"datePublished\":\"2021-02-06T13:04:31+00:00\",\"dateModified\":\"2022-09-02T16:15:53+00:00\",\"description\":\"Vendavo unterst\u00fctzt Unternehmen wie das Ihre seit \u00fcber 20 Jahren dabei, Ergebnisse zu optimieren und Margen zu maximieren. Wir sind daf\u00fcr da, wirtschaftliche Transformation zu verwirklichen.\",\"breadcrumb\":{\"@id\":\"https:\\\/\\\/www.vendavo.com\\\/de\\\/ueber-uns\\\/#breadcrumb\"},\"inLanguage\":\"de-DE\",\"potentialAction\":[{\"@type\":\"ReadAction\",\"target\":[\"https:\\\/\\\/www.vendavo.com\\\/de\\\/ueber-uns\\\/\"]}]},{\"@type\":\"BreadcrumbList\",\"@id\":\"https:\\\/\\\/www.vendavo.com\\\/de\\\/ueber-uns\\\/#breadcrumb\",\"itemListElement\":[{\"@type\":\"ListItem\",\"position\":1,\"name\":\"Home\",\"item\":\"https:\\\/\\\/www.vendavo.com\\\/de\\\/startseite-neuer-entwurf\\\/\"},{\"@type\":\"ListItem\",\"position\":2,\"name\":\"\u00dcber uns\"}]},{\"@type\":\"WebSite\",\"@id\":\"https:\\\/\\\/www.vendavo.com\\\/de\\\/#website\",\"url\":\"https:\\\/\\\/www.vendavo.com\\\/de\\\/\",\"name\":\"Vendavo\",\"description\":\"Unlock Growth + Profitability\",\"publisher\":{\"@id\":\"https:\\\/\\\/www.vendavo.com\\\/de\\\/#organization\"},\"potentialAction\":[{\"@type\":\"SearchAction\",\"target\":{\"@type\":\"EntryPoint\",\"urlTemplate\":\"https:\\\/\\\/www.vendavo.com\\\/de\\\/?s={search_term_string}\"},\"query-input\":{\"@type\":\"PropertyValueSpecification\",\"valueRequired\":true,\"valueName\":\"search_term_string\"}}],\"inLanguage\":\"de-DE\"},{\"@type\":\"Organization\",\"@id\":\"https:\\\/\\\/www.vendavo.com\\\/de\\\/#organization\",\"name\":\"Vendavo\",\"url\":\"https:\\\/\\\/www.vendavo.com\\\/de\\\/\",\"logo\":{\"@type\":\"ImageObject\",\"inLanguage\":\"de-DE\",\"@id\":\"https:\\\/\\\/www.vendavo.com\\\/de\\\/#\\\/schema\\\/logo\\\/image\\\/\",\"url\":\"https:\\\/\\\/www.vendavo.com\\\/wp-content\\\/uploads\\\/2021\\\/02\\\/vendavo-logo-events.jpg\",\"contentUrl\":\"https:\\\/\\\/www.vendavo.com\\\/wp-content\\\/uploads\\\/2021\\\/02\\\/vendavo-logo-events.jpg\",\"width\":416,\"height\":250,\"caption\":\"Vendavo\"},\"image\":{\"@id\":\"https:\\\/\\\/www.vendavo.com\\\/de\\\/#\\\/schema\\\/logo\\\/image\\\/\"},\"sameAs\":[\"https:\\\/\\\/www.facebook.com\\\/Vendavo\",\"https:\\\/\\\/x.com\\\/vendavo\",\"https:\\\/\\\/www.linkedin.com\\\/company\\\/14613\\\/admin\\\/\"]}]}<\/script>\n<!-- \/ Yoast SEO plugin. -->","yoast_head_json":{"title":"Info | Vendavo","description":"Vendavo unterst\u00fctzt Unternehmen wie das Ihre seit \u00fcber 20 Jahren dabei, Ergebnisse zu optimieren und Margen zu maximieren. Wir sind daf\u00fcr da, wirtschaftliche Transformation zu verwirklichen.","robots":{"index":"index","follow":"follow","max-snippet":"max-snippet:-1","max-image-preview":"max-image-preview:large","max-video-preview":"max-video-preview:-1"},"canonical":"https:\/\/www.vendavo.com\/de\/ueber-uns\/","og_locale":"de_DE","og_type":"article","og_title":"Info | Vendavo","og_description":"Vendavo unterst\u00fctzt Unternehmen wie das Ihre seit \u00fcber 20 Jahren dabei, Ergebnisse zu optimieren und Margen zu maximieren. Wir sind daf\u00fcr da, wirtschaftliche Transformation zu verwirklichen.","og_url":"https:\/\/www.vendavo.com\/de\/ueber-uns\/","og_site_name":"Vendavo","article_publisher":"https:\/\/www.facebook.com\/Vendavo","article_modified_time":"2022-09-02T16:15:53+00:00","og_image":[{"width":200,"height":200,"url":"https:\/\/www.vendavo.com\/wp-content\/uploads\/2021\/04\/vendavo-favicon_200x200.png","type":"image\/png"}],"twitter_card":"summary_large_image","twitter_site":"@vendavo","schema":{"@context":"https:\/\/schema.org","@graph":[{"@type":"WebPage","@id":"https:\/\/www.vendavo.com\/de\/ueber-uns\/","url":"https:\/\/www.vendavo.com\/de\/ueber-uns\/","name":"Info | Vendavo","isPartOf":{"@id":"https:\/\/www.vendavo.com\/de\/#website"},"datePublished":"2021-02-06T13:04:31+00:00","dateModified":"2022-09-02T16:15:53+00:00","description":"Vendavo unterst\u00fctzt Unternehmen wie das Ihre seit \u00fcber 20 Jahren dabei, Ergebnisse zu optimieren und Margen zu maximieren. Wir sind daf\u00fcr da, wirtschaftliche Transformation zu verwirklichen.","breadcrumb":{"@id":"https:\/\/www.vendavo.com\/de\/ueber-uns\/#breadcrumb"},"inLanguage":"de-DE","potentialAction":[{"@type":"ReadAction","target":["https:\/\/www.vendavo.com\/de\/ueber-uns\/"]}]},{"@type":"BreadcrumbList","@id":"https:\/\/www.vendavo.com\/de\/ueber-uns\/#breadcrumb","itemListElement":[{"@type":"ListItem","position":1,"name":"Home","item":"https:\/\/www.vendavo.com\/de\/startseite-neuer-entwurf\/"},{"@type":"ListItem","position":2,"name":"\u00dcber uns"}]},{"@type":"WebSite","@id":"https:\/\/www.vendavo.com\/de\/#website","url":"https:\/\/www.vendavo.com\/de\/","name":"Vendavo","description":"Unlock Growth + Profitability","publisher":{"@id":"https:\/\/www.vendavo.com\/de\/#organization"},"potentialAction":[{"@type":"SearchAction","target":{"@type":"EntryPoint","urlTemplate":"https:\/\/www.vendavo.com\/de\/?s={search_term_string}"},"query-input":{"@type":"PropertyValueSpecification","valueRequired":true,"valueName":"search_term_string"}}],"inLanguage":"de-DE"},{"@type":"Organization","@id":"https:\/\/www.vendavo.com\/de\/#organization","name":"Vendavo","url":"https:\/\/www.vendavo.com\/de\/","logo":{"@type":"ImageObject","inLanguage":"de-DE","@id":"https:\/\/www.vendavo.com\/de\/#\/schema\/logo\/image\/","url":"https:\/\/www.vendavo.com\/wp-content\/uploads\/2021\/02\/vendavo-logo-events.jpg","contentUrl":"https:\/\/www.vendavo.com\/wp-content\/uploads\/2021\/02\/vendavo-logo-events.jpg","width":416,"height":250,"caption":"Vendavo"},"image":{"@id":"https:\/\/www.vendavo.com\/de\/#\/schema\/logo\/image\/"},"sameAs":["https:\/\/www.facebook.com\/Vendavo","https:\/\/x.com\/vendavo","https:\/\/www.linkedin.com\/company\/14613\/admin\/"]}]}},"taxonomy_info":[],"featured_image_src_large":false,"author_info":{"display_name":"Vendavo","author_link":"https:\/\/www.vendavo.com\/de\/author\/venadmin\/"},"comment_info":"","_links":{"self":[{"href":"https:\/\/www.vendavo.com\/de\/wp-json\/wp\/v2\/pages\/54348","targetHints":{"allow":["GET"]}}],"collection":[{"href":"https:\/\/www.vendavo.com\/de\/wp-json\/wp\/v2\/pages"}],"about":[{"href":"https:\/\/www.vendavo.com\/de\/wp-json\/wp\/v2\/types\/page"}],"author":[{"embeddable":true,"href":"https:\/\/www.vendavo.com\/de\/wp-json\/wp\/v2\/users\/24"}],"replies":[{"embeddable":true,"href":"https:\/\/www.vendavo.com\/de\/wp-json\/wp\/v2\/comments?post=54348"}],"version-history":[{"count":0,"href":"https:\/\/www.vendavo.com\/de\/wp-json\/wp\/v2\/pages\/54348\/revisions"}],"wp:attachment":[{"href":"https:\/\/www.vendavo.com\/de\/wp-json\/wp\/v2\/media?parent=54348"}],"curies":[{"name":"wp","href":"https:\/\/api.w.org\/{rel}","templated":true}]}}