{"id":54338,"date":"2021-09-01T09:17:46","date_gmt":"2021-09-01T15:17:46","guid":{"rendered":"https:\/\/www.vendavo.com\/planen-fuer-das-unbekannte-warum-szenarioplanung-in-ihrer-preisgestaltung-verwenden\/"},"modified":"2022-05-17T12:42:35","modified_gmt":"2022-05-17T18:42:35","slug":"planen-fuer-das-unbekannte-warum-szenarioplanung-in-ihrer-preisgestaltung-verwenden","status":"publish","type":"page","link":"https:\/\/www.vendavo.com\/de\/planen-fuer-das-unbekannte-warum-szenarioplanung-in-ihrer-preisgestaltung-verwenden\/","title":{"rendered":"Planen f\u00fcr das Unbekannte: Warum Szenarioplanung in Ihrer Preisgestaltung verwenden?"},"content":{"rendered":"\n    <section id=\"block_68914\" class=\"block block--header is-bg--white is-text--blue-30 is-top--md is-bottom--sm rel is--layout-one\">\n        <div class=\"header__bg-image\"><img data-src=\"https:\/\/www.vendavo.com\/wp-content\/uploads\/2021\/02\/Data2-scaled-1.jpeg\" alt=\"\" title=\"\" class=\"lazyload image-cover\" \/><\/div>                <div class=\"cont is-default front\">\n                            <div class=\"header__text rtq\">\n                    <p class=\"kicker\">ON DEMAND WEBINAR <\/p><h1 class=\"header__headline h2\"><span class=\"ez-toc-section\" id=\"Planen_fuer_das_Unbekannte_Warum_Szenarioplanung_in_Ihrer_Preisgestaltung_verwenden\"><\/span>Planen f\u00fcr das Unbekannte: Warum Szenarioplanung in Ihrer Preisgestaltung verwenden?<span class=\"ez-toc-section-end\"><\/span><\/h1><div class=\"header__subheadline\"><p>Vendavo freut sich, Ihnen eine produktorientierte Sitzung vorstellen zu k\u00f6nnen, die Ihnen hilft, Ihre Vendavo-L\u00f6sungen besser zu nutzen. Margin Bridge Analyzer und PricePoint von Vendavo zeigen Ihnen, wie Sie beides zur Optimierung der Unternehmensleistung nutzen k\u00f6nnen. Insgesamt werden Ihnen drei Methoden zur Einstellung aktualisierter Preise gezeigt.<\/p>\n<\/div><div class=\"cta-container\">\r\n        <a class=\"btn btn--primary is-green\" href=\"https:\/\/pages.vendavo.com\/2021_Scenario-Roundtable-Solutions-Demo_LP-Download-Page.html?_gl=1*1pzc6ju*_gcl_aw*R0NMLjE2MjM2MDQwNDAuQ2p3S0NBancyWmFHQmhCb0Vpd0E4cGZQX295OFp5dVk3dXBiMWotRlRRbWU0ZXh5NUFDMU9zcl9hdGlwWnVJYlQ5a0hSblZMYWZKeXN4b0NuUWNRQXZEX0J3RQ..\">Watch now<\/a>\r\n<\/div>                                    <\/div>\n        <\/div>\n                    <div class=\"header__testimonial\">\n                <svg class=\"header__image\" viewBox=\"0 0 1671.9 715.3\" fill=\"none\" preserveAspectRatio=\"xMinYMin meet\" xmlns=\"http:\/\/www.w3.org\/2000\/svg\">\r\n<style type=\"text\/css\">\r\n\t.line{fill:none;stroke:#6EBB49;stroke-width:3;stroke-miterlimit:10;}\r\n<\/style>\r\n<defs>\r\n<pattern id=\"img1\" patternUnits=\"userSpaceOnUse\" width=\"100%\" height=\"100%\">\r\n    <image href=\"https:\/\/www.vendavo.com\/wp-content\/uploads\/2021\/02\/professional-services-header-image_3000x1240-scaled-1.jpg\" x=\"0\" y=\"0\" width=\"100%\" height=\"100%\"\r\n        preserveAspectRatio=\"xMinYMin meet\" \/>\r\n<\/pattern>\r\n    <linearGradient id=\"grad1\" x1=\"0%\" y1=\"0%\" x2=\"0%\" y2=\"100%\">\r\n        <stop offset=\"20%\" style=\"stop-color:rgb(0, 48, 87);stop-opacity:0\" \/>\r\n        <stop offset=\"100%\" style=\"stop-color:rgb(0, 48, 87);stop-opacity:1\" \/>\r\n<\/linearGradient>\r\n<\/defs>\r\n<path class=\"image image-bitmap\" d=\"M82.9,0l1589,0v288L600.8,654.3c-111.6,44.9-238.7-7.5-286.4-117.9L82.9,0z\" fill=\"url(#img1)\" \/>\r\n<path class=\"image image-gradient\" d=\"M82.9,0l1589,0v288L600.8,654.3c-111.6,44.9-238.7-7.5-286.4-117.9L82.9,0z\" fill=\"url(#grad1)\"\/>\r\n<path class=\"line line-two\" d=\"M1699.1,288.3c-16,5.7-31.9,11.5-47.9,17.2c-42,15.1-84,30.2-126,45.2c-59.3,21.3-118.6,42.6-177.9,63.9\r\n\tc-67.8,24.3-135.6,48.7-203.5,73c-67.6,24.3-135.1,48.5-202.7,72.8c-112.6,40.4-225.2,80.8-337.8,121.3\r\n\tc-41.2,14.8-81.9,23.9-125.9,17.9c-76.1-10.4-148.4-56.8-182.5-126.7L-2.2-21.5\"\/>\r\n<path class=\"line line-one\" d=\"M1682,289L590.8,675.3c-111.6,44.9-238.7-7.5-286.4-117.9L53-9\"\/>\r\n\r\n<\/svg>\r\n            <\/div>\n                \n        <\/section>\n\n<section id=\"block_a9219\" class=\"block block--case-study-feature is-bg--blue-30 is-text--white is-top--md is-bottom--md is--\"><div class=\"cont is-flex--tablet is-default \"><div class=\"half half--image\">\r\n            <div class=\"cs-feature__image text-center\"><img class=\"lazyload\" data-src=\"https:\/\/www.vendavo.com\/wp-content\/uploads\/2021\/09\/Coverimage476x614-\u2013-white-outline.png\" alt=\"\" \/><\/div>    <\/div>\r\n<div class=\"half half--text\">\r\n    <div class=\"featured-case-study__text\">\r\n        <p class=\"kicker\">eBook<\/p><h2 class=\"cs-feature__headline\"><span class=\"ez-toc-section\" id=\"Planen_fuer_das_Unbekannte_Warum_Szenarioplanung_in_Ihrer_Preisgestaltung_verwenden_Ausgabe_2021\"><\/span>Planen f\u00fcr das Unbekannte: Warum Szenarioplanung in Ihrer Preisgestaltung verwenden? (Ausgabe 2021)<span class=\"ez-toc-section-end\"><\/span><\/h2><div class=\"cs-feature__body\"><p>Wenn die M\u00e4rkte turbulent werden, m\u00fcssen Unternehmen bereits \u00fcber Notfallpl\u00e4ne verf\u00fcgen \u2013 wie z. B. Szenarioplanung f\u00fcr ihre Preisgestaltungsstrategien und -taktiken.<\/p>\n<p>In diesem aktualisierten Experten-E-Book untersucht Kalle Aerikkala den Wert der Szenarioplanung f\u00fcr die Preisgestaltung und zeigt Beispiele auf, wie sie die Rentabilit\u00e4t und Wettbewerbsf\u00e4higkeit bei St\u00f6rungen oder Herausforderungen sch\u00fctzen kann.<\/p>\n<\/div>        \r\n        <div class=\"cta-container\">\r\n        <a class=\"btn btn--primary is-green\" href=\"https:\/\/pages.vendavo.com\/Scenario-Planning-in-Pricing-2021-Update-Download-Page.html\">Download the eBook<\/a>\r\n<\/div>        <\/div>\r\n\r\n        \r\n    <\/div>\r\n    <\/div><\/section>\r\n<section id=\"block_9036e\" class=\"block block--testimonial is-bg--gray-10 is-text--blue-30 is-top--md is-bottom--md\"><div class=\"cont is-md\"><div class=\"testimonial__inner\">\r\n  <svg class=\"svg-icon testimonal__quote-svg is-fill--green-20\" width=\"36\" height=\"36\" aria-hidden=\"true\" role=\"img\" focusable=\"false\" viewBox=\"0 0 24 24\" fill=\"none\" xmlns=\"http:\/\/www.w3.org\/2000\/svg\"><path fill-rule=\"evenodd\" clip-rule=\"evenodd\" d=\"M9.97251 6.76744C8.66667 6.67442 7.68156 7 7.01718 7.74418C6.35281 8.48837 6.02062 9.52326 6.02062 10.8488C6.02062 11.3605 6.04353 11.7558 6.08935 12.0349H10.488V21H2V11.686C2 8.9186 2.56128 6.77907 3.68385 5.26744C4.82932 3.75581 6.50172 3 8.70103 3C9.3425 3 9.93814 3.04651 10.488 3.13953L9.97251 6.76744ZM21.4845 6.76744C20.1787 6.67442 19.1936 7 18.5292 7.74418C17.8648 8.48837 17.5326 9.52326 17.5326 10.8488C17.5326 11.3605 17.5556 11.7558 17.6014 12.0349H22V21H13.512V11.686C13.512 8.9186 14.0733 6.77907 15.1959 5.26744C16.3414 3.75581 18.0137 3 20.2131 3C20.8545 3 21.4502 3.04651 22 3.13953L21.4845 6.76744Z\" fill=\"currentColor\"\/><\/svg>  <div>\r\n    <h2 class=\"testimonial__headline\"><span class=\"ez-toc-section\" id=\"Huge_improvements_in_our_margin_delivery_and_when_you_think_of_a_60_billion_company_and_youre_talking_about_100-plus_basis_points_of_margin_thats_a_lot_of_money_to_take_to_the_bank\"><\/span>Huge improvements in our margin delivery, and when you think of a $60 billion company and you&#8217;re talking about 100-plus basis points of margin, that&#8217;s a lot of money to take to the bank.<span class=\"ez-toc-section-end\"><\/span><\/h2>    <div class=\"testimonial__meta\">\r\n            <div>\r\n        <h5 class=\"testimonial__name\"><span class=\"ez-toc-section\" id=\"Arunkumar_Narayanan\"><\/span>Arunkumar Narayanan<span class=\"ez-toc-section-end\"><\/span><\/h5>        <h6 class=\"testimonial__title\"><span class=\"ez-toc-section\" id=\"Senior_Vice_President_Compute_and_Networking_Product_Management\"><\/span>Senior Vice President Compute and Networking Product Management<span class=\"ez-toc-section-end\"><\/span><\/h6>        <div class=\"testimonial__logo\"><img class=\"lazyload\" data-src=\"https:\/\/www.vendavo.com\/wp-content\/uploads\/2021\/02\/dell-logo-color.png\" alt=\"Dell company logo\" \/><\/div>      <\/div>\r\n    <\/div>\r\n  <\/div>\r\n<\/div>\r\n<\/div><\/section>\r\n","protected":false},"excerpt":{"rendered":"","protected":false},"author":143,"featured_media":53966,"parent":0,"menu_order":7,"comment_status":"closed","ping_status":"closed","template":"","meta":{"_acf_changed":false,"_kad_blocks_custom_css":"","_kad_blocks_head_custom_js":"","_kad_blocks_body_custom_js":"","_kad_blocks_footer_custom_js":"","_kadence_starter_templates_imported_post":false,"_kad_post_transparent":"","_kad_post_title":"","_kad_post_layout":"","_kad_post_sidebar_id":"","_kad_post_content_style":"","_kad_post_vertical_padding":"","_kad_post_feature":"","_kad_post_feature_position":"","_kad_post_header":false,"_kad_post_footer":false,"footnotes":""},"class_list":["post-54338","page","type-page","status-publish","has-post-thumbnail","hentry"],"acf":[],"yoast_head":"<!-- This site is optimized with the Yoast SEO plugin v27.4 - https:\/\/yoast.com\/product\/yoast-seo-wordpress\/ -->\n<title>Planen f\u00fcr das Unbekannte: Warum Szenarioplanung in Ihrer Preisgestaltung verwenden? | Vendavo<\/title>\n<meta name=\"description\" content=\"Wenn die M\u00e4rkte turbulent werden, m\u00fcssen Unternehmen bereits \u00fcber Notfallpl\u00e4ne verf\u00fcgen \u2013 wie z. B. Szenarioplanung f\u00fcr ihre Preisgestaltungsstrategien und -taktiken.\" \/>\n<meta name=\"robots\" content=\"index, nofollow, max-snippet:-1, max-image-preview:large, max-video-preview:-1\" \/>\n<link rel=\"canonical\" href=\"https:\/\/www.vendavo.com\/de\/planen-fuer-das-unbekannte-warum-szenarioplanung-in-ihrer-preisgestaltung-verwenden\/\" \/>\n<meta property=\"og:locale\" content=\"de_DE\" \/>\n<meta property=\"og:type\" content=\"article\" \/>\n<meta property=\"og:title\" content=\"Planen f\u00fcr das Unbekannte: Warum Szenarioplanung in Ihrer Preisgestaltung verwenden? | Vendavo\" \/>\n<meta property=\"og:description\" content=\"Wenn die M\u00e4rkte turbulent werden, m\u00fcssen Unternehmen bereits \u00fcber Notfallpl\u00e4ne verf\u00fcgen \u2013 wie z. B. Szenarioplanung f\u00fcr ihre Preisgestaltungsstrategien und -taktiken.\" \/>\n<meta property=\"og:url\" content=\"https:\/\/www.vendavo.com\/de\/planen-fuer-das-unbekannte-warum-szenarioplanung-in-ihrer-preisgestaltung-verwenden\/\" \/>\n<meta property=\"og:site_name\" content=\"Vendavo\" \/>\n<meta property=\"article:publisher\" content=\"https:\/\/www.facebook.com\/Vendavo\" \/>\n<meta property=\"article:modified_time\" content=\"2022-05-17T18:42:35+00:00\" \/>\n<meta property=\"og:image\" content=\"https:\/\/www.vendavo.com\/wp-content\/uploads\/2021\/08\/MarketoLinkPreview800x418-1.jpg\" \/>\n\t<meta property=\"og:image:width\" content=\"800\" \/>\n\t<meta property=\"og:image:height\" content=\"418\" \/>\n\t<meta property=\"og:image:type\" content=\"image\/jpeg\" \/>\n<meta name=\"twitter:card\" content=\"summary_large_image\" \/>\n<meta name=\"twitter:site\" content=\"@vendavo\" \/>\n<script type=\"application\/ld+json\" class=\"yoast-schema-graph\">{\"@context\":\"https:\\\/\\\/schema.org\",\"@graph\":[{\"@type\":\"WebPage\",\"@id\":\"https:\\\/\\\/www.vendavo.com\\\/de\\\/planen-fuer-das-unbekannte-warum-szenarioplanung-in-ihrer-preisgestaltung-verwenden\\\/\",\"url\":\"https:\\\/\\\/www.vendavo.com\\\/de\\\/planen-fuer-das-unbekannte-warum-szenarioplanung-in-ihrer-preisgestaltung-verwenden\\\/\",\"name\":\"Planen f\u00fcr das Unbekannte: Warum Szenarioplanung in Ihrer Preisgestaltung verwenden? | Vendavo\",\"isPartOf\":{\"@id\":\"https:\\\/\\\/www.vendavo.com\\\/de\\\/#website\"},\"primaryImageOfPage\":{\"@id\":\"https:\\\/\\\/www.vendavo.com\\\/de\\\/planen-fuer-das-unbekannte-warum-szenarioplanung-in-ihrer-preisgestaltung-verwenden\\\/#primaryimage\"},\"image\":{\"@id\":\"https:\\\/\\\/www.vendavo.com\\\/de\\\/planen-fuer-das-unbekannte-warum-szenarioplanung-in-ihrer-preisgestaltung-verwenden\\\/#primaryimage\"},\"thumbnailUrl\":\"https:\\\/\\\/www.vendavo.com\\\/wp-content\\\/uploads\\\/2021\\\/08\\\/MarketoLinkPreview800x418-1.jpg\",\"datePublished\":\"2021-09-01T15:17:46+00:00\",\"dateModified\":\"2022-05-17T18:42:35+00:00\",\"description\":\"Wenn die M\u00e4rkte turbulent werden, m\u00fcssen Unternehmen bereits \u00fcber Notfallpl\u00e4ne verf\u00fcgen \u2013 wie z. B. Szenarioplanung f\u00fcr ihre Preisgestaltungsstrategien und -taktiken.\",\"breadcrumb\":{\"@id\":\"https:\\\/\\\/www.vendavo.com\\\/de\\\/planen-fuer-das-unbekannte-warum-szenarioplanung-in-ihrer-preisgestaltung-verwenden\\\/#breadcrumb\"},\"inLanguage\":\"de-DE\",\"potentialAction\":[{\"@type\":\"ReadAction\",\"target\":[\"https:\\\/\\\/www.vendavo.com\\\/de\\\/planen-fuer-das-unbekannte-warum-szenarioplanung-in-ihrer-preisgestaltung-verwenden\\\/\"]}]},{\"@type\":\"ImageObject\",\"inLanguage\":\"de-DE\",\"@id\":\"https:\\\/\\\/www.vendavo.com\\\/de\\\/planen-fuer-das-unbekannte-warum-szenarioplanung-in-ihrer-preisgestaltung-verwenden\\\/#primaryimage\",\"url\":\"https:\\\/\\\/www.vendavo.com\\\/wp-content\\\/uploads\\\/2021\\\/08\\\/MarketoLinkPreview800x418-1.jpg\",\"contentUrl\":\"https:\\\/\\\/www.vendavo.com\\\/wp-content\\\/uploads\\\/2021\\\/08\\\/MarketoLinkPreview800x418-1.jpg\",\"width\":800,\"height\":418},{\"@type\":\"BreadcrumbList\",\"@id\":\"https:\\\/\\\/www.vendavo.com\\\/de\\\/planen-fuer-das-unbekannte-warum-szenarioplanung-in-ihrer-preisgestaltung-verwenden\\\/#breadcrumb\",\"itemListElement\":[{\"@type\":\"ListItem\",\"position\":1,\"name\":\"Home\",\"item\":\"https:\\\/\\\/www.vendavo.com\\\/de\\\/startseite-neuer-entwurf\\\/\"},{\"@type\":\"ListItem\",\"position\":2,\"name\":\"Planen f\u00fcr das Unbekannte: Warum Szenarioplanung in Ihrer Preisgestaltung verwenden?\"}]},{\"@type\":\"WebSite\",\"@id\":\"https:\\\/\\\/www.vendavo.com\\\/de\\\/#website\",\"url\":\"https:\\\/\\\/www.vendavo.com\\\/de\\\/\",\"name\":\"Vendavo\",\"description\":\"Unlock Growth + Profitability\",\"publisher\":{\"@id\":\"https:\\\/\\\/www.vendavo.com\\\/de\\\/#organization\"},\"potentialAction\":[{\"@type\":\"SearchAction\",\"target\":{\"@type\":\"EntryPoint\",\"urlTemplate\":\"https:\\\/\\\/www.vendavo.com\\\/de\\\/?s={search_term_string}\"},\"query-input\":{\"@type\":\"PropertyValueSpecification\",\"valueRequired\":true,\"valueName\":\"search_term_string\"}}],\"inLanguage\":\"de-DE\"},{\"@type\":\"Organization\",\"@id\":\"https:\\\/\\\/www.vendavo.com\\\/de\\\/#organization\",\"name\":\"Vendavo\",\"url\":\"https:\\\/\\\/www.vendavo.com\\\/de\\\/\",\"logo\":{\"@type\":\"ImageObject\",\"inLanguage\":\"de-DE\",\"@id\":\"https:\\\/\\\/www.vendavo.com\\\/de\\\/#\\\/schema\\\/logo\\\/image\\\/\",\"url\":\"https:\\\/\\\/www.vendavo.com\\\/wp-content\\\/uploads\\\/2021\\\/02\\\/vendavo-logo-events.jpg\",\"contentUrl\":\"https:\\\/\\\/www.vendavo.com\\\/wp-content\\\/uploads\\\/2021\\\/02\\\/vendavo-logo-events.jpg\",\"width\":416,\"height\":250,\"caption\":\"Vendavo\"},\"image\":{\"@id\":\"https:\\\/\\\/www.vendavo.com\\\/de\\\/#\\\/schema\\\/logo\\\/image\\\/\"},\"sameAs\":[\"https:\\\/\\\/www.facebook.com\\\/Vendavo\",\"https:\\\/\\\/x.com\\\/vendavo\",\"https:\\\/\\\/www.linkedin.com\\\/company\\\/14613\\\/admin\\\/\"]}]}<\/script>\n<!-- \/ Yoast SEO plugin. -->","yoast_head_json":{"title":"Planen f\u00fcr das Unbekannte: Warum Szenarioplanung in Ihrer Preisgestaltung verwenden? | Vendavo","description":"Wenn die M\u00e4rkte turbulent werden, m\u00fcssen Unternehmen bereits \u00fcber Notfallpl\u00e4ne verf\u00fcgen \u2013 wie z. B. Szenarioplanung f\u00fcr ihre Preisgestaltungsstrategien und -taktiken.","robots":{"index":"index","follow":"nofollow","max-snippet":"max-snippet:-1","max-image-preview":"max-image-preview:large","max-video-preview":"max-video-preview:-1"},"canonical":"https:\/\/www.vendavo.com\/de\/planen-fuer-das-unbekannte-warum-szenarioplanung-in-ihrer-preisgestaltung-verwenden\/","og_locale":"de_DE","og_type":"article","og_title":"Planen f\u00fcr das Unbekannte: Warum Szenarioplanung in Ihrer Preisgestaltung verwenden? | Vendavo","og_description":"Wenn die M\u00e4rkte turbulent werden, m\u00fcssen Unternehmen bereits \u00fcber Notfallpl\u00e4ne verf\u00fcgen \u2013 wie z. B. Szenarioplanung f\u00fcr ihre Preisgestaltungsstrategien und -taktiken.","og_url":"https:\/\/www.vendavo.com\/de\/planen-fuer-das-unbekannte-warum-szenarioplanung-in-ihrer-preisgestaltung-verwenden\/","og_site_name":"Vendavo","article_publisher":"https:\/\/www.facebook.com\/Vendavo","article_modified_time":"2022-05-17T18:42:35+00:00","og_image":[{"width":800,"height":418,"url":"https:\/\/www.vendavo.com\/wp-content\/uploads\/2021\/08\/MarketoLinkPreview800x418-1.jpg","type":"image\/jpeg"}],"twitter_card":"summary_large_image","twitter_site":"@vendavo","schema":{"@context":"https:\/\/schema.org","@graph":[{"@type":"WebPage","@id":"https:\/\/www.vendavo.com\/de\/planen-fuer-das-unbekannte-warum-szenarioplanung-in-ihrer-preisgestaltung-verwenden\/","url":"https:\/\/www.vendavo.com\/de\/planen-fuer-das-unbekannte-warum-szenarioplanung-in-ihrer-preisgestaltung-verwenden\/","name":"Planen f\u00fcr das Unbekannte: Warum Szenarioplanung in Ihrer Preisgestaltung verwenden? | Vendavo","isPartOf":{"@id":"https:\/\/www.vendavo.com\/de\/#website"},"primaryImageOfPage":{"@id":"https:\/\/www.vendavo.com\/de\/planen-fuer-das-unbekannte-warum-szenarioplanung-in-ihrer-preisgestaltung-verwenden\/#primaryimage"},"image":{"@id":"https:\/\/www.vendavo.com\/de\/planen-fuer-das-unbekannte-warum-szenarioplanung-in-ihrer-preisgestaltung-verwenden\/#primaryimage"},"thumbnailUrl":"https:\/\/www.vendavo.com\/wp-content\/uploads\/2021\/08\/MarketoLinkPreview800x418-1.jpg","datePublished":"2021-09-01T15:17:46+00:00","dateModified":"2022-05-17T18:42:35+00:00","description":"Wenn die M\u00e4rkte turbulent werden, m\u00fcssen Unternehmen bereits \u00fcber Notfallpl\u00e4ne verf\u00fcgen \u2013 wie z. B. Szenarioplanung f\u00fcr ihre Preisgestaltungsstrategien und -taktiken.","breadcrumb":{"@id":"https:\/\/www.vendavo.com\/de\/planen-fuer-das-unbekannte-warum-szenarioplanung-in-ihrer-preisgestaltung-verwenden\/#breadcrumb"},"inLanguage":"de-DE","potentialAction":[{"@type":"ReadAction","target":["https:\/\/www.vendavo.com\/de\/planen-fuer-das-unbekannte-warum-szenarioplanung-in-ihrer-preisgestaltung-verwenden\/"]}]},{"@type":"ImageObject","inLanguage":"de-DE","@id":"https:\/\/www.vendavo.com\/de\/planen-fuer-das-unbekannte-warum-szenarioplanung-in-ihrer-preisgestaltung-verwenden\/#primaryimage","url":"https:\/\/www.vendavo.com\/wp-content\/uploads\/2021\/08\/MarketoLinkPreview800x418-1.jpg","contentUrl":"https:\/\/www.vendavo.com\/wp-content\/uploads\/2021\/08\/MarketoLinkPreview800x418-1.jpg","width":800,"height":418},{"@type":"BreadcrumbList","@id":"https:\/\/www.vendavo.com\/de\/planen-fuer-das-unbekannte-warum-szenarioplanung-in-ihrer-preisgestaltung-verwenden\/#breadcrumb","itemListElement":[{"@type":"ListItem","position":1,"name":"Home","item":"https:\/\/www.vendavo.com\/de\/startseite-neuer-entwurf\/"},{"@type":"ListItem","position":2,"name":"Planen f\u00fcr das Unbekannte: Warum Szenarioplanung in Ihrer Preisgestaltung verwenden?"}]},{"@type":"WebSite","@id":"https:\/\/www.vendavo.com\/de\/#website","url":"https:\/\/www.vendavo.com\/de\/","name":"Vendavo","description":"Unlock Growth + Profitability","publisher":{"@id":"https:\/\/www.vendavo.com\/de\/#organization"},"potentialAction":[{"@type":"SearchAction","target":{"@type":"EntryPoint","urlTemplate":"https:\/\/www.vendavo.com\/de\/?s={search_term_string}"},"query-input":{"@type":"PropertyValueSpecification","valueRequired":true,"valueName":"search_term_string"}}],"inLanguage":"de-DE"},{"@type":"Organization","@id":"https:\/\/www.vendavo.com\/de\/#organization","name":"Vendavo","url":"https:\/\/www.vendavo.com\/de\/","logo":{"@type":"ImageObject","inLanguage":"de-DE","@id":"https:\/\/www.vendavo.com\/de\/#\/schema\/logo\/image\/","url":"https:\/\/www.vendavo.com\/wp-content\/uploads\/2021\/02\/vendavo-logo-events.jpg","contentUrl":"https:\/\/www.vendavo.com\/wp-content\/uploads\/2021\/02\/vendavo-logo-events.jpg","width":416,"height":250,"caption":"Vendavo"},"image":{"@id":"https:\/\/www.vendavo.com\/de\/#\/schema\/logo\/image\/"},"sameAs":["https:\/\/www.facebook.com\/Vendavo","https:\/\/x.com\/vendavo","https:\/\/www.linkedin.com\/company\/14613\/admin\/"]}]}},"taxonomy_info":[],"featured_image_src_large":["https:\/\/www.vendavo.com\/wp-content\/uploads\/2021\/08\/MarketoLinkPreview800x418-1.jpg",800,418,false],"author_info":{"display_name":"Aneesa Needel","author_link":"https:\/\/www.vendavo.com\/de\/author\/aneedelvendavo-com\/"},"comment_info":"","_links":{"self":[{"href":"https:\/\/www.vendavo.com\/de\/wp-json\/wp\/v2\/pages\/54338","targetHints":{"allow":["GET"]}}],"collection":[{"href":"https:\/\/www.vendavo.com\/de\/wp-json\/wp\/v2\/pages"}],"about":[{"href":"https:\/\/www.vendavo.com\/de\/wp-json\/wp\/v2\/types\/page"}],"author":[{"embeddable":true,"href":"https:\/\/www.vendavo.com\/de\/wp-json\/wp\/v2\/users\/143"}],"replies":[{"embeddable":true,"href":"https:\/\/www.vendavo.com\/de\/wp-json\/wp\/v2\/comments?post=54338"}],"version-history":[{"count":0,"href":"https:\/\/www.vendavo.com\/de\/wp-json\/wp\/v2\/pages\/54338\/revisions"}],"wp:featuredmedia":[{"embeddable":true,"href":"https:\/\/www.vendavo.com\/de\/wp-json\/wp\/v2\/media\/53966"}],"wp:attachment":[{"href":"https:\/\/www.vendavo.com\/de\/wp-json\/wp\/v2\/media?parent=54338"}],"curies":[{"name":"wp","href":"https:\/\/api.w.org\/{rel}","templated":true}]}}