{"id":54336,"date":"2022-02-10T06:42:29","date_gmt":"2022-02-10T13:42:29","guid":{"rendered":"https:\/\/www.vendavo.com\/preisgestaltung-ist-ein-teamsport\/"},"modified":"2022-05-17T18:12:14","modified_gmt":"2022-05-18T00:12:14","slug":"preisgestaltung-ist-ein-teamsport","status":"publish","type":"page","link":"https:\/\/www.vendavo.com\/de\/preisgestaltung-ist-ein-teamsport\/","title":{"rendered":"Preisgestaltung ist ein Teamsport"},"content":{"rendered":"\n    <section id=\"block_bed23\" class=\"block block--header is-bg--blue-30 is-text--white is-top--md is-bottom--md rel is--layout-three\">\n        <div class=\"header__bg-image\"><img data-src=\"https:\/\/www.vendavo.com\/wp-content\/uploads\/2100\/01\/Blog-header-Protecting-Sales-Teams.png\" alt=\"\" title=\"\" class=\"lazyload image-cover\" \/><\/div>                <div class=\"cont is-default front\">\n                            <div class=\"half half--text mt-5 mt-lg-0\">\n                    <div class=\"header-text__inner rte\">\n                        <p class=\"kicker\">EBOOK<\/p><h1 class=\"header__headline\"><span class=\"ez-toc-section\" id=\"Preisgestaltung_ist_ein_Teamsport\"><\/span>Preisgestaltung ist ein Teamsport<span class=\"ez-toc-section-end\"><\/span><\/h1><div class=\"header__subheadline\"><p><span class=\"TextRun SCXW135792239 BCX0\" data-contrast=\"auto\"><span class=\"NormalTextRun SCXW135792239 BCX0\">Vielleicht sind Sie bereit, Ihr Unternehmen zum n\u00e4chsten gro\u00dfen Erfolg zu f\u00fchren, aber haben Sie einen Plan, um dorthin zu gelangen?<\/span><\/span><span class=\"EOP SCXW135792239 BCX0\" data-ccp-props=\"{&quot;201341983&quot;:0,&quot;335559740&quot;:240}\">\u00a0<\/span><\/p>\n<\/div>                    <\/div>\n                <\/div>\n                                    <div class=\"half half--form\">\n                        <div class=\"half-form__inner block--contact-form\">\n                            <h4 class=\"header-form__headline\"><span class=\"ez-toc-section\" id=\"Kostenloses_E-Book_herunterladen\"><\/span>Kostenloses E-Book herunterladen<span class=\"ez-toc-section-end\"><\/span><\/h4>                            <form id=\"mktoForm_1827\"><\/form>\n                            <script>\n                                jQuery(document).ready(function() {\n                                    MktoForms2.loadForm(\"\/\/app-abb.marketo.com\", \"526-WQV-792\", 1827);\n                                });\n                            <\/script>\n                        <\/div>\n                    <\/div>\n                \t\t\t\n\t\t\t\t\t\t\t \n                <\/section>\n\n<section id=\"block_bed2e\" class=\"block block--case-study-feature is-bg--white is-text--blue-30 is-top--md is-bottom--md is--\"><div class=\"cont is-flex--tablet is-default \"><div class=\"half half--image\">\r\n            <div class=\"cs-feature__image text-center\"><img class=\"lazyload\" data-src=\"https:\/\/www.vendavo.com\/wp-content\/uploads\/2021\/09\/MicrosoftTeams-image-4.png\" alt=\"\" \/><\/div>    <\/div>\r\n<div class=\"half half--text\">\r\n    <div class=\"featured-case-study__text\">\r\n        <h2 class=\"cs-feature__headline\"><span class=\"ez-toc-section\" id=\"Was_Sie_lernen_werden\"><\/span>Was Sie lernen werden<span class=\"ez-toc-section-end\"><\/span><\/h2><h4 class=\"cs-feature__subheadline\"><span class=\"ez-toc-section\" id=\"Erfahren_Sie_wie_Sie_die_Preisdelegation_in_Ihrem_Unternehmen_zu_einer_praktikablen_Realitaet_machen\"><\/span>Erfahren Sie, wie Sie die Preisdelegation in Ihrem Unternehmen zu einer praktikablen Realit\u00e4t machen. <span class=\"ez-toc-section-end\"><\/span><\/h4><div class=\"cs-feature__body\"><p><span data-contrast=\"auto\">Wenn es um die Preisgestaltung in einem B2B-Unternehmen geht, k\u00f6nnte es funktionieren, als Einzelk\u00e4mpfer voranzukommen, aber der Versuch, den Ball ohne einen gut organisierten Spielplan auf dem Feld zu dribbeln, wird wahrscheinlich mit einer Katastrophe enden. Ihre Kollegen sind alle aus gutem Grund Teil Ihres Teams. <\/span><b><i><span data-contrast=\"auto\">Spielen Sie den Ball ab!\u00a0<\/span><\/i><\/b><span data-ccp-props=\"{&quot;201341983&quot;:0,&quot;335559740&quot;:240}\">\u00a0<\/span><\/p>\n<p><span data-contrast=\"auto\">Preisgestaltung ist wie andere Disziplinen in der Wirtschaft ein Teamsport.\u00a0 In diesem Experten-Whitepaper von Jared Smith erfahren Sie, wie Preisdelegation durch digitale Transformation zu einer besseren Preisgestaltungsleistung f\u00fchren kann.<\/span><span data-ccp-props=\"{&quot;201341983&quot;:0,&quot;335559740&quot;:240}\">\u00a0<\/span><\/p>\n<p><strong>Wichtige Informationen:\u00a0<\/strong><\/p>\n<ul>\n<li data-leveltext=\"\uf0b7\" data-font=\"Symbol\" data-listid=\"3\" aria-setsize=\"-1\" data-aria-posinset=\"1\" data-aria-level=\"1\"><span data-contrast=\"auto\">Die<\/span><b><span data-contrast=\"auto\"> Rolle der Technologie<\/span><\/b><span data-contrast=\"auto\"> bei der Verbesserung der Preisgestaltung.<\/span><span data-ccp-props=\"{&quot;201341983&quot;:0,&quot;335559740&quot;:240}\">\u00a0<\/span><\/li>\n<li data-leveltext=\"\uf0b7\" data-font=\"Symbol\" data-listid=\"3\" aria-setsize=\"-1\" data-aria-posinset=\"2\" data-aria-level=\"1\"><b><span data-contrast=\"auto\">Beispiele f\u00fcr digitale Transformationsvorg\u00e4nge <\/span><\/b><span data-contrast=\"auto\">aus der Praxis.<\/span><span data-ccp-props=\"{&quot;201341983&quot;:0,&quot;335559740&quot;:240}\">\u00a0<\/span><\/li>\n<li data-leveltext=\"\uf0b7\" data-font=\"Symbol\" data-listid=\"3\" aria-setsize=\"-1\" data-aria-posinset=\"3\" data-aria-level=\"1\"><b><span data-contrast=\"auto\">Umsetzbare Rahmenbedingungen,<\/span><\/b><span data-contrast=\"auto\"> um die Preisdelegation in Ihrem Unternehmen zu verwirklichen.<\/span><span data-ccp-props=\"{&quot;201341983&quot;:0,&quot;335559740&quot;:240}\">\u00a0<\/span><\/li>\n<\/ul>\n<\/div>        \r\n                <\/div>\r\n\r\n        \r\n    <\/div>\r\n    <\/div><\/section>\r\n","protected":false},"excerpt":{"rendered":"","protected":false},"author":24,"featured_media":54198,"parent":0,"menu_order":6,"comment_status":"closed","ping_status":"closed","template":"","meta":{"_acf_changed":false,"_kad_blocks_custom_css":"","_kad_blocks_head_custom_js":"","_kad_blocks_body_custom_js":"","_kad_blocks_footer_custom_js":"","_kadence_starter_templates_imported_post":false,"_kad_post_transparent":"","_kad_post_title":"","_kad_post_layout":"","_kad_post_sidebar_id":"","_kad_post_content_style":"","_kad_post_vertical_padding":"","_kad_post_feature":"","_kad_post_feature_position":"","_kad_post_header":false,"_kad_post_footer":false,"footnotes":""},"class_list":["post-54336","page","type-page","status-publish","has-post-thumbnail","hentry"],"acf":[],"yoast_head":"<!-- This site is optimized with the Yoast SEO plugin v27.3 - https:\/\/yoast.com\/product\/yoast-seo-wordpress\/ -->\n<title>Preisgestaltung ist ein Teamsport | Vendavo<\/title>\n<meta name=\"description\" content=\"Erfahren Sie, wie Sie die Preisdelegation in Ihrem Unternehmen zu einer praktikablen Realit\u00e4t machen.\" \/>\n<meta name=\"robots\" content=\"index, follow, max-snippet:-1, max-image-preview:large, max-video-preview:-1\" \/>\n<link rel=\"canonical\" href=\"https:\/\/www.vendavo.com\/de\/preisgestaltung-ist-ein-teamsport\/\" \/>\n<meta property=\"og:locale\" content=\"de_DE\" \/>\n<meta property=\"og:type\" content=\"article\" \/>\n<meta property=\"og:title\" content=\"Preisgestaltung ist ein Teamsport | Vendavo\" \/>\n<meta property=\"og:description\" content=\"Erfahren Sie, wie Sie die Preisdelegation in Ihrem Unternehmen zu einer praktikablen Realit\u00e4t machen.\" \/>\n<meta property=\"og:url\" content=\"https:\/\/www.vendavo.com\/de\/preisgestaltung-ist-ein-teamsport\/\" \/>\n<meta property=\"og:site_name\" content=\"Vendavo\" \/>\n<meta property=\"article:publisher\" content=\"https:\/\/www.facebook.com\/Vendavo\" \/>\n<meta property=\"article:modified_time\" content=\"2022-05-18T00:12:14+00:00\" \/>\n<meta property=\"og:image\" content=\"https:\/\/www.vendavo.com\/wp-content\/uploads\/2022\/02\/pricing-is-a-team-sport.png\" \/>\n\t<meta property=\"og:image:width\" content=\"800\" \/>\n\t<meta property=\"og:image:height\" content=\"418\" \/>\n\t<meta property=\"og:image:type\" content=\"image\/png\" \/>\n<meta name=\"twitter:card\" content=\"summary_large_image\" \/>\n<meta name=\"twitter:site\" content=\"@vendavo\" \/>\n<script type=\"application\/ld+json\" class=\"yoast-schema-graph\">{\"@context\":\"https:\\\/\\\/schema.org\",\"@graph\":[{\"@type\":\"WebPage\",\"@id\":\"https:\\\/\\\/www.vendavo.com\\\/de\\\/preisgestaltung-ist-ein-teamsport\\\/\",\"url\":\"https:\\\/\\\/www.vendavo.com\\\/de\\\/preisgestaltung-ist-ein-teamsport\\\/\",\"name\":\"Preisgestaltung ist ein Teamsport | Vendavo\",\"isPartOf\":{\"@id\":\"https:\\\/\\\/www.vendavo.com\\\/de\\\/#website\"},\"primaryImageOfPage\":{\"@id\":\"https:\\\/\\\/www.vendavo.com\\\/de\\\/preisgestaltung-ist-ein-teamsport\\\/#primaryimage\"},\"image\":{\"@id\":\"https:\\\/\\\/www.vendavo.com\\\/de\\\/preisgestaltung-ist-ein-teamsport\\\/#primaryimage\"},\"thumbnailUrl\":\"https:\\\/\\\/www.vendavo.com\\\/wp-content\\\/uploads\\\/2022\\\/02\\\/pricing-is-a-team-sport.png\",\"datePublished\":\"2022-02-10T13:42:29+00:00\",\"dateModified\":\"2022-05-18T00:12:14+00:00\",\"description\":\"Erfahren Sie, wie Sie die Preisdelegation in Ihrem Unternehmen zu einer praktikablen Realit\u00e4t machen.\",\"breadcrumb\":{\"@id\":\"https:\\\/\\\/www.vendavo.com\\\/de\\\/preisgestaltung-ist-ein-teamsport\\\/#breadcrumb\"},\"inLanguage\":\"de-DE\",\"potentialAction\":[{\"@type\":\"ReadAction\",\"target\":[\"https:\\\/\\\/www.vendavo.com\\\/de\\\/preisgestaltung-ist-ein-teamsport\\\/\"]}]},{\"@type\":\"ImageObject\",\"inLanguage\":\"de-DE\",\"@id\":\"https:\\\/\\\/www.vendavo.com\\\/de\\\/preisgestaltung-ist-ein-teamsport\\\/#primaryimage\",\"url\":\"https:\\\/\\\/www.vendavo.com\\\/wp-content\\\/uploads\\\/2022\\\/02\\\/pricing-is-a-team-sport.png\",\"contentUrl\":\"https:\\\/\\\/www.vendavo.com\\\/wp-content\\\/uploads\\\/2022\\\/02\\\/pricing-is-a-team-sport.png\",\"width\":800,\"height\":418},{\"@type\":\"BreadcrumbList\",\"@id\":\"https:\\\/\\\/www.vendavo.com\\\/de\\\/preisgestaltung-ist-ein-teamsport\\\/#breadcrumb\",\"itemListElement\":[{\"@type\":\"ListItem\",\"position\":1,\"name\":\"Home\",\"item\":\"https:\\\/\\\/www.vendavo.com\\\/de\\\/startseite-neuer-entwurf\\\/\"},{\"@type\":\"ListItem\",\"position\":2,\"name\":\"Preisgestaltung ist ein Teamsport\"}]},{\"@type\":\"WebSite\",\"@id\":\"https:\\\/\\\/www.vendavo.com\\\/de\\\/#website\",\"url\":\"https:\\\/\\\/www.vendavo.com\\\/de\\\/\",\"name\":\"Vendavo\",\"description\":\"Unlock Growth + Profitability\",\"publisher\":{\"@id\":\"https:\\\/\\\/www.vendavo.com\\\/de\\\/#organization\"},\"potentialAction\":[{\"@type\":\"SearchAction\",\"target\":{\"@type\":\"EntryPoint\",\"urlTemplate\":\"https:\\\/\\\/www.vendavo.com\\\/de\\\/?s={search_term_string}\"},\"query-input\":{\"@type\":\"PropertyValueSpecification\",\"valueRequired\":true,\"valueName\":\"search_term_string\"}}],\"inLanguage\":\"de-DE\"},{\"@type\":\"Organization\",\"@id\":\"https:\\\/\\\/www.vendavo.com\\\/de\\\/#organization\",\"name\":\"Vendavo\",\"url\":\"https:\\\/\\\/www.vendavo.com\\\/de\\\/\",\"logo\":{\"@type\":\"ImageObject\",\"inLanguage\":\"de-DE\",\"@id\":\"https:\\\/\\\/www.vendavo.com\\\/de\\\/#\\\/schema\\\/logo\\\/image\\\/\",\"url\":\"https:\\\/\\\/www.vendavo.com\\\/wp-content\\\/uploads\\\/2021\\\/02\\\/vendavo-logo-events.jpg\",\"contentUrl\":\"https:\\\/\\\/www.vendavo.com\\\/wp-content\\\/uploads\\\/2021\\\/02\\\/vendavo-logo-events.jpg\",\"width\":416,\"height\":250,\"caption\":\"Vendavo\"},\"image\":{\"@id\":\"https:\\\/\\\/www.vendavo.com\\\/de\\\/#\\\/schema\\\/logo\\\/image\\\/\"},\"sameAs\":[\"https:\\\/\\\/www.facebook.com\\\/Vendavo\",\"https:\\\/\\\/x.com\\\/vendavo\",\"https:\\\/\\\/www.linkedin.com\\\/company\\\/14613\\\/admin\\\/\"]}]}<\/script>\n<!-- \/ Yoast SEO plugin. -->","yoast_head_json":{"title":"Preisgestaltung ist ein Teamsport | Vendavo","description":"Erfahren Sie, wie Sie die Preisdelegation in Ihrem Unternehmen zu einer praktikablen Realit\u00e4t machen.","robots":{"index":"index","follow":"follow","max-snippet":"max-snippet:-1","max-image-preview":"max-image-preview:large","max-video-preview":"max-video-preview:-1"},"canonical":"https:\/\/www.vendavo.com\/de\/preisgestaltung-ist-ein-teamsport\/","og_locale":"de_DE","og_type":"article","og_title":"Preisgestaltung ist ein Teamsport | Vendavo","og_description":"Erfahren Sie, wie Sie die Preisdelegation in Ihrem Unternehmen zu einer praktikablen Realit\u00e4t machen.","og_url":"https:\/\/www.vendavo.com\/de\/preisgestaltung-ist-ein-teamsport\/","og_site_name":"Vendavo","article_publisher":"https:\/\/www.facebook.com\/Vendavo","article_modified_time":"2022-05-18T00:12:14+00:00","og_image":[{"width":800,"height":418,"url":"https:\/\/www.vendavo.com\/wp-content\/uploads\/2022\/02\/pricing-is-a-team-sport.png","type":"image\/png"}],"twitter_card":"summary_large_image","twitter_site":"@vendavo","schema":{"@context":"https:\/\/schema.org","@graph":[{"@type":"WebPage","@id":"https:\/\/www.vendavo.com\/de\/preisgestaltung-ist-ein-teamsport\/","url":"https:\/\/www.vendavo.com\/de\/preisgestaltung-ist-ein-teamsport\/","name":"Preisgestaltung ist ein Teamsport | Vendavo","isPartOf":{"@id":"https:\/\/www.vendavo.com\/de\/#website"},"primaryImageOfPage":{"@id":"https:\/\/www.vendavo.com\/de\/preisgestaltung-ist-ein-teamsport\/#primaryimage"},"image":{"@id":"https:\/\/www.vendavo.com\/de\/preisgestaltung-ist-ein-teamsport\/#primaryimage"},"thumbnailUrl":"https:\/\/www.vendavo.com\/wp-content\/uploads\/2022\/02\/pricing-is-a-team-sport.png","datePublished":"2022-02-10T13:42:29+00:00","dateModified":"2022-05-18T00:12:14+00:00","description":"Erfahren Sie, wie Sie die Preisdelegation in Ihrem Unternehmen zu einer praktikablen Realit\u00e4t machen.","breadcrumb":{"@id":"https:\/\/www.vendavo.com\/de\/preisgestaltung-ist-ein-teamsport\/#breadcrumb"},"inLanguage":"de-DE","potentialAction":[{"@type":"ReadAction","target":["https:\/\/www.vendavo.com\/de\/preisgestaltung-ist-ein-teamsport\/"]}]},{"@type":"ImageObject","inLanguage":"de-DE","@id":"https:\/\/www.vendavo.com\/de\/preisgestaltung-ist-ein-teamsport\/#primaryimage","url":"https:\/\/www.vendavo.com\/wp-content\/uploads\/2022\/02\/pricing-is-a-team-sport.png","contentUrl":"https:\/\/www.vendavo.com\/wp-content\/uploads\/2022\/02\/pricing-is-a-team-sport.png","width":800,"height":418},{"@type":"BreadcrumbList","@id":"https:\/\/www.vendavo.com\/de\/preisgestaltung-ist-ein-teamsport\/#breadcrumb","itemListElement":[{"@type":"ListItem","position":1,"name":"Home","item":"https:\/\/www.vendavo.com\/de\/startseite-neuer-entwurf\/"},{"@type":"ListItem","position":2,"name":"Preisgestaltung ist ein Teamsport"}]},{"@type":"WebSite","@id":"https:\/\/www.vendavo.com\/de\/#website","url":"https:\/\/www.vendavo.com\/de\/","name":"Vendavo","description":"Unlock Growth + Profitability","publisher":{"@id":"https:\/\/www.vendavo.com\/de\/#organization"},"potentialAction":[{"@type":"SearchAction","target":{"@type":"EntryPoint","urlTemplate":"https:\/\/www.vendavo.com\/de\/?s={search_term_string}"},"query-input":{"@type":"PropertyValueSpecification","valueRequired":true,"valueName":"search_term_string"}}],"inLanguage":"de-DE"},{"@type":"Organization","@id":"https:\/\/www.vendavo.com\/de\/#organization","name":"Vendavo","url":"https:\/\/www.vendavo.com\/de\/","logo":{"@type":"ImageObject","inLanguage":"de-DE","@id":"https:\/\/www.vendavo.com\/de\/#\/schema\/logo\/image\/","url":"https:\/\/www.vendavo.com\/wp-content\/uploads\/2021\/02\/vendavo-logo-events.jpg","contentUrl":"https:\/\/www.vendavo.com\/wp-content\/uploads\/2021\/02\/vendavo-logo-events.jpg","width":416,"height":250,"caption":"Vendavo"},"image":{"@id":"https:\/\/www.vendavo.com\/de\/#\/schema\/logo\/image\/"},"sameAs":["https:\/\/www.facebook.com\/Vendavo","https:\/\/x.com\/vendavo","https:\/\/www.linkedin.com\/company\/14613\/admin\/"]}]}},"taxonomy_info":[],"featured_image_src_large":["https:\/\/www.vendavo.com\/wp-content\/uploads\/2022\/02\/pricing-is-a-team-sport.png",800,418,false],"author_info":{"display_name":"Vendavo","author_link":"https:\/\/www.vendavo.com\/de\/author\/venadmin\/"},"comment_info":"","_links":{"self":[{"href":"https:\/\/www.vendavo.com\/de\/wp-json\/wp\/v2\/pages\/54336","targetHints":{"allow":["GET"]}}],"collection":[{"href":"https:\/\/www.vendavo.com\/de\/wp-json\/wp\/v2\/pages"}],"about":[{"href":"https:\/\/www.vendavo.com\/de\/wp-json\/wp\/v2\/types\/page"}],"author":[{"embeddable":true,"href":"https:\/\/www.vendavo.com\/de\/wp-json\/wp\/v2\/users\/24"}],"replies":[{"embeddable":true,"href":"https:\/\/www.vendavo.com\/de\/wp-json\/wp\/v2\/comments?post=54336"}],"version-history":[{"count":0,"href":"https:\/\/www.vendavo.com\/de\/wp-json\/wp\/v2\/pages\/54336\/revisions"}],"wp:featuredmedia":[{"embeddable":true,"href":"https:\/\/www.vendavo.com\/de\/wp-json\/wp\/v2\/media\/54198"}],"wp:attachment":[{"href":"https:\/\/www.vendavo.com\/de\/wp-json\/wp\/v2\/media?parent=54336"}],"curies":[{"name":"wp","href":"https:\/\/api.w.org\/{rel}","templated":true}]}}